{"id":6238,"date":"2025-07-02T15:06:28","date_gmt":"2025-07-02T13:06:28","guid":{"rendered":"https:\/\/tricise.com\/?post_type=product&#038;p=6238"},"modified":"2025-10-04T08:40:21","modified_gmt":"2025-10-04T06:40:21","slug":"automic-process-analysis-and-optimization","status":"publish","type":"product","link":"https:\/\/tricise.com\/fr\/shop\/automic-process-analysis-and-optimization\/","title":{"rendered":"Automic Analyse et optimisation des processus"},"content":{"rendered":"<h3>Automic Analyse et optimisation des processus - Garantir une efficacit\u00e9 maximale<\/h3>\n<p class=\"translation-block\">L'offre <strong>Automic Process Analysis and Optimization<\/strong> de <a href=\"https:\/\/tricise.com\/fr\/\" target=\"_blank\" rel=\"noopener\"><strong>Tricise Professional Services<\/strong><\/a> est un service de conseil cibl\u00e9 con\u00e7u pour \u00e9valuer, comparer et am\u00e9liorer votre environnement <a href=\"http:\/\/automic.tricise.com\" target=\"_blank\" rel=\"noopener\"><strong>Automic Automation<\/strong><\/a>. Avec plus de <strong>30 contr\u00f4les techniques et op\u00e9rationnels structur\u00e9s<\/strong>, nos experts certifi\u00e9s identifient les opportunit\u00e9s d'optimisation et vous aident \u00e0 lib\u00e9rer tout le potentiel de votre installation d'automatisation. Ce service garantit que votre syst\u00e8me reste parfaitement align\u00e9 sur les normes et les meilleures pratiques de <a href=\"https:\/\/www.broadcom.com\" target=\"_blank\" rel=\"noopener\"><strong>Broadcom<\/strong><\/a>.<\/p>\n<h4>Analyse compl\u00e8te du flux de travail<\/h4>\n<p class=\"translation-block\">Notre examen va bien au-del\u00e0 des contr\u00f4les de surface. Nous effectuons une \u00e9valuation approfondie des <strong>mod\u00e8les d'utilisation des objets<\/strong>, de l'<strong>efficacit\u00e9 d'ex\u00e9cution<\/strong> et de la <strong>structure du processus<\/strong>. \u00c0 l'aide de Tricise SQL Action Packs, nos experts collectent et analysent les principales mesures de performance pour tous les types d'objets Automic, y compris les ex\u00e9cutions JOBS et JOBF. Nous identifions les flux de travail redondants ou inefficaces, d\u00e9couvrons les d\u00e9pendances manuelles et mettons en \u00e9vidence les objets orphelins qui ont un impact sur la maintenabilit\u00e9 et clarity. Cette analyse holistique garantit que votre environnement d'automatisation fonctionne \u00e0 son niveau de performance le plus \u00e9lev\u00e9.<\/p>\n<h4>Observations et conclusions typiques<\/h4>\n<ul>\n<li>D\u00e9tection des structures d'objets sous-optimales qui retardent l'ex\u00e9cution ou augmentent les temps de chargement.<\/li>\n<li>Identification des inefficacit\u00e9s r\u00e9currentes dans l'ordonnancement des t\u00e2ches et les ex\u00e9cutions parall\u00e8les.<\/li>\n<li>Mise en \u00e9vidence des objets inutilis\u00e9s ou orphelins afin d'am\u00e9liorer les performances globales du syst\u00e8me clarity.<\/li>\n<li class=\"translation-block\">Recommandations pour la distribution de la charge de travail afin d'optimiser le nouveau mod\u00e8le <strong>Execution-Based Licensing (EBL)<\/strong> introduit par <a href=\"https:\/\/www.broadcom.com\" target=\"_blank\" rel=\"noopener\"><strong>Broadcom<\/strong><\/a>.<\/li>\n<\/ul>\n<h4>Recommandations et rapports sur mesure<\/h4>\n<p class=\"translation-block\">Apr\u00e8s l'analyse, vous recevez un <strong>rapport d\u00e9taill\u00e9<\/strong> qui comprend des recommandations exploitables pour chaque probl\u00e8me identifi\u00e9. La documentation fournit \u00e0 la fois des <strong>instructions techniques<\/strong> et des <strong>conseils strat\u00e9giques<\/strong> sur la mani\u00e8re d'aligner votre environnement d'automatisation sur les <a href=\"https:\/\/www.broadcom.com\" target=\"_blank\" rel=\"noopener\"><strong>Broadcom Automic best practices<\/strong><\/a>. Chaque recommandation est clairement class\u00e9e par ordre de priorit\u00e9, ce qui vous donne une feuille de route pr\u00e9cise pour l'optimisation et les am\u00e9liorations mesurables des performances, de l'\u00e9volutivit\u00e9 et de l'utilisation des ressources.<\/p>\n<h4>Soutien optionnel \u00e0 la mise en \u0153uvre<\/h4>\n<p class=\"translation-block\">Alors que le package principal se concentre sur l'analyse et les recommandations, Tricise propose \u00e9galement des <strong>services optionnels de mise en \u0153uvre<\/strong> pour appliquer directement les optimisations sugg\u00e9r\u00e9es. Nos consultants aident \u00e0 <strong>ajuster les objets Automic<\/strong>, <strong>r\u00e9viser les flux de travail<\/strong> et <strong>valider les am\u00e9liorations<\/strong> par le biais d'une surveillance continue. Cela garantit que les optimisations sont non seulement planifi\u00e9es, mais aussi effectivement r\u00e9alis\u00e9es dans votre environnement de production. En fonction de vos besoins, le package peut \u00eatre r\u00e9serv\u00e9 comme un <strong>service \u00e0 prix fixe<\/strong> ou comme un engagement de projet flexible (temps et mat\u00e9riel).<\/p>\n<h4>Transfert de connaissances et formation<\/h4>\n<p class=\"translation-block\">Pour garantir un succ\u00e8s \u00e0 long terme, Tricise propose des programmes de formation facultatifs <a href=\"https:\/\/tricise.com\/fr\/university\/\" target=\"_blank\" rel=\"noopener\"><strong>Automic<\/strong><\/a> par le biais du <strong>Tricise University<\/strong>. Ces cours couvrent tous les domaines, de l'optimisation du flux de travail et du r\u00e9glage des performances aux techniques de script avanc\u00e9es. Que votre \u00e9quipe pr\u00e9f\u00e8re les sessions en direct, les modules d'apprentissage en ligne ou les ateliers personnalis\u00e9s, l'objectif est d'ancrer les connaissances et de permettre \u00e0 vos \u00e9quipes de maintenir de mani\u00e8re ind\u00e9pendante des processus d'automatisation optimis\u00e9s.<\/p>\n<ul>\n<li class=\"translation-block\">Cours structur\u00e9s Automic et <strong>eLearnings certifi\u00e9s<\/strong> en anglais et en allemand.<\/li>\n<li class=\"translation-block\">Des <strong>ateliers<\/strong> adapt\u00e9s \u00e0 votre environnement d'automatisation et \u00e0 la maturit\u00e9 de votre syst\u00e8me.<\/li>\n<li class=\"translation-block\"><strong><a href=\"https:\/\/tricise.com\/fr\/university\/region-fr-2\/#anchor-flat\" target=\"_blank\" rel=\"noopener\">Mod\u00e8le de tarification forfaitaire<\/a><\/strong> pour un acc\u00e8s illimit\u00e9 \u00e0 tous les modules de formation Automic et aux mises \u00e0 jour.<\/li>\n<\/ul>\n<h4>R\u00e9sum\u00e9 et valeur<\/h4>\n<p class=\"translation-block\">Avec le pack <strong>Automic Process Analysis and Optimization<\/strong>, Tricise fournit un cadre \u00e9prouv\u00e9 pour <strong>am\u00e9liorer l'efficacit\u00e9<\/strong>, <strong>r\u00e9duire les co\u00fbts de licence<\/strong>, et <strong>rationaliser les flux de travail<\/strong>. En associant la pr\u00e9cision technique \u00e0 l'exp\u00e9rience pratique du conseil, nous garantissons des am\u00e9liorations mesurables des performances et une stabilit\u00e9 op\u00e9rationnelle \u00e0 long terme. Ce service est id\u00e9al pour les organisations qui se pr\u00e9parent \u00e0 <strong>l'Execution-Based Licensing (EBL)<\/strong> de Broadcom ou qui cherchent \u00e0 am\u00e9liorer leur infrastructure <a href=\"http:\/\/automic.tricise.com\" target=\"_blank\" rel=\"noopener\"><strong>Automic Automation<\/strong><\/a> existante.<\/p>","protected":false},"excerpt":{"rendered":"<p>Optimisez votre paysage Automic avec le\u00a0 <strong>Automic Paquet d'analyse et d'optimisation des processus<\/strong>. Ce forfait comprend une analyse d\u00e9taill\u00e9e du syst\u00e8me, des diagnostics bas\u00e9s sur SQL et des recommandations sur mesure pour am\u00e9liorer les performances, rationaliser les processus et am\u00e9liorer l'efficacit\u00e9 globale. Id\u00e9al pour r\u00e9duire les co\u00fbts et maximiser le potentiel d'automatisation.<\/p>","protected":false},"featured_media":0,"comment_status":"closed","ping_status":"closed","template":"","meta":{"_acf_changed":false,"site-sidebar-layout":"default","site-content-layout":"","ast-site-content-layout":"default","site-content-style":"default","site-sidebar-style":"default","ast-global-header-display":"","ast-banner-title-visibility":"","ast-main-header-display":"","ast-hfb-above-header-display":"","ast-hfb-below-header-display":"","ast-hfb-mobile-header-display":"","site-post-title":"","ast-breadcrumbs-content":"","ast-featured-img":"","footer-sml-layout":"","ast-disable-related-posts":"","theme-transparent-header-meta":"default","adv-header-id-meta":"","stick-header-meta":"default","header-above-stick-meta":"","header-main-stick-meta":"","header-below-stick-meta":"","astra-migrate-meta-layouts":"set","ast-page-background-enabled":"default","ast-page-background-meta":{"desktop":{"background-color":"var(--ast-global-color-4)","background-image":"","background-repeat":"repeat","background-position":"center center","background-size":"auto","background-attachment":"scroll","background-type":"","background-media":"","overlay-type":"","overlay-color":"","overlay-opacity":"","overlay-gradient":""},"tablet":{"background-color":"","background-image":"","background-repeat":"repeat","background-position":"center center","background-size":"auto","background-attachment":"scroll","background-type":"","background-media":"","overlay-type":"","overlay-color":"","overlay-opacity":"","overlay-gradient":""},"mobile":{"background-color":"","background-image":"","background-repeat":"repeat","background-position":"center center","background-size":"auto","background-attachment":"scroll","background-type":"","background-media":"","overlay-type":"","overlay-color":"","overlay-opacity":"","overlay-gradient":""}},"ast-content-background-meta":{"desktop":{"background-color":"var(--ast-global-color-5)","background-image":"","background-repeat":"repeat","background-position":"center center","background-size":"auto","background-attachment":"scroll","background-type":"","background-media":"","overlay-type":"","overlay-color":"","overlay-opacity":"","overlay-gradient":""},"tablet":{"background-color":"var(--ast-global-color-5)","background-image":"","background-repeat":"repeat","background-position":"center center","background-size":"auto","background-attachment":"scroll","background-type":"","background-media":"","overlay-type":"","overlay-color":"","overlay-opacity":"","overlay-gradient":""},"mobile":{"background-color":"var(--ast-global-color-5)","background-image":"","background-repeat":"repeat","background-position":"center center","background-size":"auto","background-attachment":"scroll","background-type":"","background-media":"","overlay-type":"","overlay-color":"","overlay-opacity":"","overlay-gradient":""}}},"product_brand":[],"product_cat":[159],"product_tag":[],"class_list":{"0":"post-6238","1":"product","2":"type-product","3":"status-publish","5":"product_cat-consulting","6":"desktop-align-left","7":"tablet-align-left","8":"mobile-align-left","10":"first","11":"instock","12":"virtual","13":"taxable","14":"purchasable","15":"product-type-simple"},"acf":[],"meta_box":{"compatible_with":"Automic Automation V21\/V24","type":"Consulting-package","support":"Active","latest_update":"Active","yt_url":"https:\/\/youtu.be\/nwSPzCRXsnY","icon_1":"fa-solid fa-business-time","features_title_1":"Establishing the Necessary Prerequisites:","features_1":"<ul>\n<li>Adjust Automic configurations for testing<\/li>\n<li>Enable necessary data retrieval processes<\/li>\n<li>Validate system parameters<\/li>\n<li>Ensure all required data availability<\/li>\n<\/ul>\n","icon_2":"fa-solid fa-calendar-days","features_title_2":"Gathering the Relevant Data:","features_2":"<ul>\n<li>Provide Action Pack for installation<\/li>\n<li>Install Action Pack in Automic<\/li>\n<li>Execute data collection processes<\/li>\n<li>Transfer raw data to Tricise<\/li>\n<\/ul>\n","icon_3":"fa-solid fa-delete-left","features_title_3":"Analyzing the Data and Deriving Actions:","features_3":"<ul>\n<li>Analyze collected raw data thoroughly<\/li>\n<li>Identify key findings and issues<\/li>\n<li>Develop actionable recommendations<\/li>\n<li>Prioritize solutions to address findings<\/li>\n<\/ul>\n","icon_4":"fa-brands fa-superpowers","features_title_4":"(Optional) Joint Implementation of Actions:","features_4":"<ul>\n<li>Execute recommendations<\/li>\n<li>Complete or partially implement solutions<\/li>\n<\/ul>\n","overview":"<p>Optimize your Automic landscape with the Process Analysis &amp; Optimization service. This fixed-price package delivers detailed system analysis, SQL-based diagnostics, and tailored recommendations to boost performance, streamline processes, and maximize efficiency while reducing costs.<\/p>\n"},"_links":{"self":[{"href":"https:\/\/tricise.com\/fr\/wp-json\/wp\/v2\/product\/6238","targetHints":{"allow":["GET"]}}],"collection":[{"href":"https:\/\/tricise.com\/fr\/wp-json\/wp\/v2\/product"}],"about":[{"href":"https:\/\/tricise.com\/fr\/wp-json\/wp\/v2\/types\/product"}],"replies":[{"embeddable":true,"href":"https:\/\/tricise.com\/fr\/wp-json\/wp\/v2\/comments?post=6238"}],"wp:attachment":[{"href":"https:\/\/tricise.com\/fr\/wp-json\/wp\/v2\/media?parent=6238"}],"wp:term":[{"taxonomy":"product_brand","embeddable":true,"href":"https:\/\/tricise.com\/fr\/wp-json\/wp\/v2\/product_brand?post=6238"},{"taxonomy":"product_cat","embeddable":true,"href":"https:\/\/tricise.com\/fr\/wp-json\/wp\/v2\/product_cat?post=6238"},{"taxonomy":"product_tag","embeddable":true,"href":"https:\/\/tricise.com\/fr\/wp-json\/wp\/v2\/product_tag?post=6238"}],"curies":[{"name":"wp","href":"https:\/\/api.w.org\/{rel}","templated":true}]}}