{"id":4051,"date":"2025-06-19T09:04:57","date_gmt":"2025-06-19T07:04:57","guid":{"rendered":"https:\/\/tricise.com\/?page_id=4051"},"modified":"2025-10-14T12:00:48","modified_gmt":"2025-10-14T10:00:48","slug":"crecimiento-ampliar-soluciones","status":"publish","type":"page","link":"https:\/\/tricise.com\/es\/solutions\/valueops\/growth-expand-solutions\/","title":{"rendered":"Soluciones de crecimiento y expansi\u00f3n"},"content":{"rendered":"<div data-elementor-type=\"wp-page\" data-elementor-id=\"4051\" class=\"elementor elementor-4051\" data-elementor-post-type=\"page\">\n\t\t\t\t<div class=\"elementor-element elementor-element-79191567 e-flex e-con-boxed e-con e-parent\" data-id=\"79191567\" data-element_type=\"container\" data-e-type=\"container\" data-settings=\"{&quot;background_background&quot;:&quot;classic&quot;}\">\n\t\t\t\t\t<div class=\"e-con-inner\">\n\t\t<div class=\"elementor-element elementor-element-1ed56440 e-con-full container-content-header e-flex e-con e-child\" data-id=\"1ed56440\" data-element_type=\"container\" data-e-type=\"container\" data-settings=\"{&quot;background_background&quot;:&quot;classic&quot;}\">\n\t\t<div class=\"elementor-element elementor-element-25dbbb24 e-con-full e-flex e-con e-child\" data-id=\"25dbbb24\" data-element_type=\"container\" data-e-type=\"container\">\n\t\t\t\t<div class=\"elementor-element elementor-element-14636f47 elementor-widget elementor-widget-text-editor\" data-id=\"14636f47\" data-element_type=\"widget\" data-e-type=\"widget\" data-widget_type=\"text-editor.default\">\n\t\t\t\t<div class=\"elementor-widget-container\">\n\t\t\t\t\t\t\t\t\t<p class=\"elementor-heading-title elementor-size-default\"><strong>Soluciones de crecimiento y expansi\u00f3n<\/strong><\/p>\t\t\t\t\t\t\t\t<\/div>\n\t\t\t\t<\/div>\n\t\t\t\t<div class=\"elementor-element elementor-element-525b8b10 elementor-widget elementor-widget-text-editor\" data-id=\"525b8b10\" data-element_type=\"widget\" data-e-type=\"widget\" data-widget_type=\"text-editor.default\">\n\t\t\t\t<div class=\"elementor-widget-container\">\n\t\t\t\t\t\t\t\t\t<p>Aprovecha la experiencia de Tricise para escalar ValueOps y mantenerte preparado para el mercado<\/p>\t\t\t\t\t\t\t\t<\/div>\n\t\t\t\t<\/div>\n\t\t\t\t<\/div>\n\t\t<div class=\"elementor-element elementor-element-48a97ebe e-con-full container-hide-mobile e-flex e-con e-child\" data-id=\"48a97ebe\" data-element_type=\"container\" data-e-type=\"container\">\n\t\t\t\t<div class=\"elementor-element elementor-element-5a0bd55c elementor-widget__width-initial elementor-widget elementor-widget-image\" data-id=\"5a0bd55c\" data-element_type=\"widget\" data-e-type=\"widget\" data-widget_type=\"image.default\">\n\t\t\t\t<div class=\"elementor-widget-container\">\n\t\t\t\t\t\t\t\t\t\t\t\t\t\t\t<img decoding=\"async\" src=\"https:\/\/tricise.com\/wp-content\/uploads\/2025\/05\/dots-triangle-red-v2_neu-v4.svg\" title=\"\" alt=\"\" loading=\"lazy\">\t\t\t\t\t\t\t\t\t\t\t\t\t\t\t<\/div>\n\t\t\t\t<\/div>\n\t\t\t\t<\/div>\n\t\t\t\t<\/div>\n\t\t\t\t\t<\/div>\n\t\t\t\t<\/div>\n\t\t<div class=\"elementor-element elementor-element-4781ea79 e-flex e-con-boxed e-con e-parent\" data-id=\"4781ea79\" data-element_type=\"container\" data-e-type=\"container\">\n\t\t\t\t\t<div class=\"e-con-inner\">\n\t\t<div class=\"elementor-element elementor-element-1a2e3ae2 e-con-full e-flex e-con e-child\" data-id=\"1a2e3ae2\" data-element_type=\"container\" data-e-type=\"container\">\n\t\t\t\t<div class=\"elementor-element elementor-element-520b9811 elementor-widget elementor-widget-shortcode\" data-id=\"520b9811\" data-element_type=\"widget\" data-e-type=\"widget\" data-widget_type=\"shortcode.default\">\n\t\t\t\t<div class=\"elementor-widget-container\">\n\t\t\t\t\t\t\t<div class=\"elementor-shortcode\"><nav aria-label=\"pan rallado\" class=\"rank-math-breadcrumb\"><p><span class=\"last\">Tricise<\/span><\/p><\/nav><\/div>\n\t\t\t\t\t\t<\/div>\n\t\t\t\t<\/div>\n\t\t\t\t<\/div>\n\t\t\t\t\t<\/div>\n\t\t\t\t<\/div>\n\t\t<div class=\"elementor-element elementor-element-790799dd e-flex e-con-boxed e-con e-parent\" data-id=\"790799dd\" data-element_type=\"container\" data-e-type=\"container\">\n\t\t\t\t\t<div class=\"e-con-inner\">\n\t\t<div class=\"elementor-element elementor-element-5a36cf1f e-con-full e-flex e-con e-child\" data-id=\"5a36cf1f\" data-element_type=\"container\" data-e-type=\"container\">\n\t\t\t\t<div class=\"elementor-element elementor-element-18e6d988 elementor-widget-mobile__width-inherit elementor-widget elementor-widget-button\" data-id=\"18e6d988\" data-element_type=\"widget\" data-e-type=\"widget\" data-widget_type=\"button.default\">\n\t\t\t\t<div class=\"elementor-widget-container\">\n\t\t\t\t\t\t\t\t\t<div class=\"elementor-button-wrapper\">\n\t\t\t\t\t<a class=\"elementor-button elementor-button-link elementor-size-sm\" href=\"#anchor-align-360\">\n\t\t\t\t\t\t<span class=\"elementor-button-content-wrapper\">\n\t\t\t\t\t\t\t\t\t<span class=\"elementor-button-text\">Align360 OKR Accelerator<\/span>\n\t\t\t\t\t<\/span>\n\t\t\t\t\t<\/a>\n\t\t\t\t<\/div>\n\t\t\t\t\t\t\t\t<\/div>\n\t\t\t\t<\/div>\n\t\t\t\t<div class=\"elementor-element elementor-element-3a2f41cb elementor-widget-mobile__width-inherit elementor-widget elementor-widget-button\" data-id=\"3a2f41cb\" data-element_type=\"widget\" data-e-type=\"widget\" data-widget_type=\"button.default\">\n\t\t\t\t<div class=\"elementor-widget-container\">\n\t\t\t\t\t\t\t\t\t<div class=\"elementor-button-wrapper\">\n\t\t\t\t\t<a class=\"elementor-button elementor-button-link elementor-size-sm\" href=\"#anchor-clarity-insightpro\">\n\t\t\t\t\t\t<span class=\"elementor-button-content-wrapper\">\n\t\t\t\t\t\t\t\t\t<span class=\"elementor-button-text\">Clarity InsightPro<\/span>\n\t\t\t\t\t<\/span>\n\t\t\t\t\t<\/a>\n\t\t\t\t<\/div>\n\t\t\t\t\t\t\t\t<\/div>\n\t\t\t\t<\/div>\n\t\t\t\t<\/div>\n\t\t\t\t\t<\/div>\n\t\t\t\t<\/div>\n\t\t<div class=\"elementor-element elementor-element-7592a5d9 e-flex e-con-boxed e-con e-parent\" data-id=\"7592a5d9\" data-element_type=\"container\" data-e-type=\"container\">\n\t\t\t\t\t<div class=\"e-con-inner\">\n\t\t<div class=\"elementor-element elementor-element-27ab576f e-con-full e-flex e-con e-child\" data-id=\"27ab576f\" data-element_type=\"container\" data-e-type=\"container\">\n\t\t\t\t<div class=\"elementor-element elementor-element-7c62e1f8 elementor-widget elementor-widget-menu-anchor\" data-id=\"7c62e1f8\" data-element_type=\"widget\" data-e-type=\"widget\" data-widget_type=\"menu-anchor.default\">\n\t\t\t\t<div class=\"elementor-widget-container\">\n\t\t\t\t\t\t\t<div class=\"elementor-menu-anchor\" id=\"anchor-align-360\"><\/div>\n\t\t\t\t\t\t<\/div>\n\t\t\t\t<\/div>\n\t\t\t\t<div class=\"elementor-element elementor-element-2592081d elementor-widget elementor-widget-text-editor\" data-id=\"2592081d\" data-element_type=\"widget\" data-e-type=\"widget\" data-widget_type=\"text-editor.default\">\n\t\t\t\t<div class=\"elementor-widget-container\">\n\t\t\t\t\t\t\t\t\t<h2><strong>Align360 OKR<\/strong> <em>Acelerador<\/em><\/h2>\t\t\t\t\t\t\t\t<\/div>\n\t\t\t\t<\/div>\n\t\t\t\t<div class=\"elementor-element elementor-element-54887c12 elementor-widget elementor-widget-text-editor\" data-id=\"54887c12\" data-element_type=\"widget\" data-e-type=\"widget\" data-widget_type=\"text-editor.default\">\n\t\t\t\t<div class=\"elementor-widget-container\">\n\t\t\t\t\t\t\t\t\t<h3>Visi\u00f3n general<\/h3>\t\t\t\t\t\t\t\t<\/div>\n\t\t\t\t<\/div>\n\t\t\t\t<div class=\"elementor-element elementor-element-7376f2d7 elementor-widget elementor-widget-text-editor\" data-id=\"7376f2d7\" data-element_type=\"widget\" data-e-type=\"widget\" data-widget_type=\"text-editor.default\">\n\t\t\t\t<div class=\"elementor-widget-container\">\n\t\t\t\t\t\t\t\t\t<p>En el panorama empresarial actual, en r\u00e1pida evoluci\u00f3n, es esencial alinear los esfuerzos de tu organizaci\u00f3n con los objetivos estrat\u00e9gicos. Align360 OKR Accelerator de Tricise est\u00e1 dise\u00f1ado para ayudar a los clientes de Broadcom Clarity a definir e implementar un marco eficaz de OKR (Objetivos y Resultados Clave) en todos los niveles de la organizaci\u00f3n. Este servicio da soporte a portfolios estrat\u00e9gicos, programas, productos, proyectos, flujos de valor, servicios e inversiones, garantizando una alineaci\u00f3n cohesionada y \u00e1gil con los objetivos estrat\u00e9gicos.<\/p>\t\t\t\t\t\t\t\t<\/div>\n\t\t\t\t<\/div>\n\t\t\t\t<div class=\"elementor-element elementor-element-b344f3d list-plus-icon elementor-widget elementor-widget-text-editor\" data-id=\"b344f3d\" data-element_type=\"widget\" data-e-type=\"widget\" data-widget_type=\"text-editor.default\">\n\t\t\t\t<div class=\"elementor-widget-container\">\n\t\t\t\t\t\t\t\t\t<h3>Retos<\/h3>\t\t\t\t\t\t\t\t<\/div>\n\t\t\t\t<\/div>\n\t\t\t\t<div class=\"elementor-element elementor-element-2dae0aea list-plus-icon elementor-widget elementor-widget-text-editor\" data-id=\"2dae0aea\" data-element_type=\"widget\" data-e-type=\"widget\" data-widget_type=\"text-editor.default\">\n\t\t\t\t<div class=\"elementor-widget-container\">\n\t\t\t\t\t\t\t\t\t<ul><li><strong>Falta de alineaci\u00f3n:<\/strong> Dificultad para alinear los objetivos estrat\u00e9gicos con las operaciones cotidianas, lo que provoca ineficacia y p\u00e9rdida de oportunidades.<\/li><li><strong>Aplicaci\u00f3n incoherente de los OKR:<\/strong> Objetivos fragmentados y esfuerzos desalineados debido a pr\u00e1cticas de OKR incoherentes.<\/li><li><strong>Problemas de integridad de los datos:<\/strong> Dificultades para asegurar datos fiables y precisos en la medici\u00f3n de OKR.<\/li><li><strong>Condiciones din\u00e1micas del mercado:<\/strong> Incapacidad para adaptar los OKR a las condiciones cambiantes del mercado o a los cambios estrat\u00e9gicos, lo que impide la agilidad empresarial.<\/li><li><strong>Falta de mejora continua:<\/strong> Si no se revisan y corrigen peri\u00f3dicamente los OKR, se pierden oportunidades de mejora continua.<\/li><\/ul>\t\t\t\t\t\t\t\t<\/div>\n\t\t\t\t<\/div>\n\t\t\t\t<div class=\"elementor-element elementor-element-3807781e elementor-widget elementor-widget-text-editor\" data-id=\"3807781e\" data-element_type=\"widget\" data-e-type=\"widget\" data-widget_type=\"text-editor.default\">\n\t\t\t\t<div class=\"elementor-widget-container\">\n\t\t\t\t\t\t\t\t\t<h3>Caracter\u00edsticas y propuesta de valor<\/h3>\t\t\t\t\t\t\t\t<\/div>\n\t\t\t\t<\/div>\n\t\t\t\t<div class=\"elementor-element elementor-element-7e2da3c8 elementor-widget elementor-widget-text-editor\" data-id=\"7e2da3c8\" data-element_type=\"widget\" data-e-type=\"widget\" data-widget_type=\"text-editor.default\">\n\t\t\t\t<div class=\"elementor-widget-container\">\n\t\t\t\t\t\t\t\t\t<ul><li><strong>Alineaci\u00f3n hol\u00edstica:<\/strong> Garantiza que los OKR est\u00e9n alineados en todos los niveles de la organizaci\u00f3n, creando una direcci\u00f3n y un prop\u00f3sito unificados.<\/li><\/ul><ul><li><strong>Implementaci\u00f3n experta:<\/strong> Aprovecha nuestra experiencia en Broadcom Clarity y las mejores pr\u00e1cticas en la implementaci\u00f3n de OKR para obtener un enfoque estructurado y adaptado.<\/li><\/ul><ul><li><strong>Integraci\u00f3n de datos fiable:<\/strong> Establece procesos s\u00f3lidos de recogida y an\u00e1lisis de datos para una medici\u00f3n precisa y fiable de los OKR.<\/li><\/ul><ul><li><strong>Agilidad y adaptabilidad:<\/strong> Mant\u00e9n OKR din\u00e1micos y adaptables que respondan a los cambios del mercado y a las prioridades estrat\u00e9gicas.<\/li><\/ul><ul><li><strong>Mejora continua:<\/strong> Revisa y actualiza peri\u00f3dicamente los OKR para fomentar una cultura de mejora continua y agilidad estrat\u00e9gica.<\/li><\/ul>\t\t\t\t\t\t\t\t<\/div>\n\t\t\t\t<\/div>\n\t\t\t\t<div class=\"elementor-element elementor-element-352305d8 elementor-widget elementor-widget-shortcode\" data-id=\"352305d8\" data-element_type=\"widget\" data-e-type=\"widget\" data-widget_type=\"shortcode.default\">\n\t\t\t\t<div class=\"elementor-widget-container\">\n\t\t\t\t\t\t\t<div class=\"elementor-shortcode\"><\/div>\n\t\t\t\t\t\t<\/div>\n\t\t\t\t<\/div>\n\t\t\t\t<\/div>\n\t\t<div class=\"elementor-element elementor-element-248af80f e-con-full e-flex e-con e-child\" data-id=\"248af80f\" data-element_type=\"container\" data-e-type=\"container\">\n\t\t\t\t<div class=\"elementor-element elementor-element-925ca51 elementor-widget elementor-widget-menu-anchor\" data-id=\"925ca51\" data-element_type=\"widget\" data-e-type=\"widget\" data-widget_type=\"menu-anchor.default\">\n\t\t\t\t<div class=\"elementor-widget-container\">\n\t\t\t\t\t\t\t<div class=\"elementor-menu-anchor\" id=\"anchor-clarity-insightpro\"><\/div>\n\t\t\t\t\t\t<\/div>\n\t\t\t\t<\/div>\n\t\t\t\t<div class=\"elementor-element elementor-element-22063800 elementor-widget elementor-widget-text-editor\" data-id=\"22063800\" data-element_type=\"widget\" data-e-type=\"widget\" data-widget_type=\"text-editor.default\">\n\t\t\t\t<div class=\"elementor-widget-container\">\n\t\t\t\t\t\t\t\t\t<h2><strong>Tricise <\/strong><em>Clarity<\/em> <em>Insight Pro<\/em><\/h2>\t\t\t\t\t\t\t\t<\/div>\n\t\t\t\t<\/div>\n\t\t\t\t<div class=\"elementor-element elementor-element-4a6de20 elementor-widget elementor-widget-text-editor\" data-id=\"4a6de20\" data-element_type=\"widget\" data-e-type=\"widget\" data-widget_type=\"text-editor.default\">\n\t\t\t\t<div class=\"elementor-widget-container\">\n\t\t\t\t\t\t\t\t\t<h3>Visi\u00f3n general<\/h3>\t\t\t\t\t\t\t\t<\/div>\n\t\t\t\t<\/div>\n\t\t\t\t<div class=\"elementor-element elementor-element-4b6aad39 elementor-widget elementor-widget-text-editor\" data-id=\"4b6aad39\" data-element_type=\"widget\" data-e-type=\"widget\" data-widget_type=\"text-editor.default\">\n\t\t\t\t<div class=\"elementor-widget-container\">\n\t\t\t\t\t\t\t\t\t<p>Potencia el poder de los datos con nuestra soluci\u00f3n Clarity InsightPro para la creaci\u00f3n de KPI y cuadros de mando. Dise\u00f1ada para ofrecer insights seg\u00fan el rol y visualizaci\u00f3n de datos en tiempo real, esta soluci\u00f3n permite a los responsables de la toma de decisiones en todos los niveles de tu organizaci\u00f3n actuar con informaci\u00f3n precisa. Mediante la creaci\u00f3n de KPI personalizados y cuadros de mando interactivos, nos aseguramos de que la informaci\u00f3n cr\u00edtica sea accesible y procesable, impulsando la excelencia operativa y la alineaci\u00f3n estrat\u00e9gica.<\/p>\t\t\t\t\t\t\t\t<\/div>\n\t\t\t\t<\/div>\n\t\t\t\t<div class=\"elementor-element elementor-element-565dc450 list-plus-icon elementor-widget elementor-widget-text-editor\" data-id=\"565dc450\" data-element_type=\"widget\" data-e-type=\"widget\" data-widget_type=\"text-editor.default\">\n\t\t\t\t<div class=\"elementor-widget-container\">\n\t\t\t\t\t\t\t\t\t<h3>Retos<\/h3>\t\t\t\t\t\t\t\t<\/div>\n\t\t\t\t<\/div>\n\t\t\t\t<div class=\"elementor-element elementor-element-39a69e3e list-plus-icon elementor-widget elementor-widget-text-editor\" data-id=\"39a69e3e\" data-element_type=\"widget\" data-e-type=\"widget\" data-widget_type=\"text-editor.default\">\n\t\t\t\t<div class=\"elementor-widget-container\">\n\t\t\t\t\t\t\t\t\t<ul><li><strong>Vistas fragmentadas de los datos:<\/strong> Los equipos luchan con fuentes de datos dispares, lo que dificulta la obtenci\u00f3n de una visi\u00f3n unificada del rendimiento.<\/li><li><strong>Interacci\u00f3n limitada: Tradicional<\/strong> Los cuadros de mando carecen de interactividad, lo que limita la capacidad de explorar los datos de forma din\u00e1mica y realizar ajustes en tiempo real.<\/li><li><strong>Colaboraci\u00f3n ineficaz:<\/strong> La colaboraci\u00f3n se ve obstaculizada por informes est\u00e1ticos y presentaciones de datos no interactivas, que provocan desajustes y lagunas en la comunicaci\u00f3n.<\/li><li><strong>Lentitud en la toma de decisiones:<\/strong> El retraso en el acceso a los datos en tiempo real afecta a la toma de decisiones a tiempo, lo que repercute en los resultados de los proyectos.<\/li><li><strong>Integraci\u00f3n de herramientas complejas:<\/strong> La dificultad para integrar los datos de m\u00faltiples herramientas de gesti\u00f3n de proyectos dificulta una supervisi\u00f3n exhaustiva.<\/li><\/ul>\t\t\t\t\t\t\t\t<\/div>\n\t\t\t\t<\/div>\n\t\t\t\t<div class=\"elementor-element elementor-element-7e2bbdc0 elementor-widget elementor-widget-text-editor\" data-id=\"7e2bbdc0\" data-element_type=\"widget\" data-e-type=\"widget\" data-widget_type=\"text-editor.default\">\n\t\t\t\t<div class=\"elementor-widget-container\">\n\t\t\t\t\t\t\t\t\t<h3>Caracter\u00edsticas y propuesta de valor<\/h3>\t\t\t\t\t\t\t\t<\/div>\n\t\t\t\t<\/div>\n\t\t\t\t<div class=\"elementor-element elementor-element-72642b23 elementor-widget elementor-widget-text-editor\" data-id=\"72642b23\" data-element_type=\"widget\" data-e-type=\"widget\" data-widget_type=\"text-editor.default\">\n\t\t\t\t<div class=\"elementor-widget-container\">\n\t\t\t\t\t\t\t\t\t<p>Al utilizar nuestra soluci\u00f3n Clarity InsightPro, podr\u00e1s:<\/p><ul><li><strong>Obtener visibilidad completa:<\/strong> Accede a datos consolidados en tiempo real de todos los flujos de valor, elimina los silos y mejora la toma de decisiones.<\/li><\/ul><ul><li><strong>Mejorar la toma de decisiones:<\/strong> Aprovecha los cuadros de mando interactivos que proporcionan informaci\u00f3n actualizada, lo que permite tomar decisiones oportunas y con conocimiento de causa.<\/li><\/ul><ul><li><strong>Mejorar la colaboraci\u00f3n:<\/strong> Promueve la colaboraci\u00f3n interfuncional mediante presentaciones de datos compartidas e interactivas que alineen a los equipos y las partes interesadas.<\/li><\/ul><ul><li><strong>Optimizar el uso de los recursos:<\/strong> Gestiona eficazmente los recursos identificando los cuellos de botella y optimizando los procesos bas\u00e1ndose en datos en tiempo real.<\/li><\/ul><ul><li><strong>Lograr la alineaci\u00f3n estrat\u00e9gica:<\/strong> Aseg\u00farate de que todas las actividades est\u00e9n alineadas con los objetivos estrat\u00e9gicos a trav\u00e9s de indicadores clave de rendimiento y m\u00e9tricas de rendimiento adaptadas.<\/li><\/ul>\t\t\t\t\t\t\t\t<\/div>\n\t\t\t\t<\/div>\n\t\t\t\t<div class=\"elementor-element elementor-element-2764923e elementor-widget elementor-widget-shortcode\" data-id=\"2764923e\" data-element_type=\"widget\" data-e-type=\"widget\" data-widget_type=\"shortcode.default\">\n\t\t\t\t<div class=\"elementor-widget-container\">\n\t\t\t\t\t\t\t<div class=\"elementor-shortcode\"><\/div>\n\t\t\t\t\t\t<\/div>\n\t\t\t\t<\/div>\n\t\t\t\t<\/div>\n\t\t\t\t\t<\/div>\n\t\t\t\t<\/div>\n\t\t\t\t<\/div>","protected":false},"excerpt":{"rendered":"<p>Growth &amp; Expand Solutions Use Tricise\u2019s expertise to scale ValueOps and stay market-ready Align360 OKR Accelerator Clarity InsightPro Align360 OKR [&hellip;]<\/p>\n","protected":false},"author":1,"featured_media":0,"parent":194,"menu_order":0,"comment_status":"closed","ping_status":"closed","template":"","meta":{"_acf_changed":false,"site-sidebar-layout":"no-sidebar","site-content-layout":"","ast-site-content-layout":"full-width-container","site-content-style":"default","site-sidebar-style":"default","ast-global-header-display":"","ast-banner-title-visibility":"","ast-main-header-display":"","ast-hfb-above-header-display":"","ast-hfb-below-header-display":"","ast-hfb-mobile-header-display":"","site-post-title":"disabled","ast-breadcrumbs-content":"","ast-featured-img":"disabled","footer-sml-layout":"","ast-disable-related-posts":"","theme-transparent-header-meta":"","adv-header-id-meta":"","stick-header-meta":"","header-above-stick-meta":"","header-main-stick-meta":"","header-below-stick-meta":"","astra-migrate-meta-layouts":"default","ast-page-background-enabled":"default","ast-page-background-meta":{"desktop":{"background-color":"var(--ast-global-color-4)","background-image":"","background-repeat":"repeat","background-position":"center center","background-size":"auto","background-attachment":"scroll","background-type":"","background-media":"","overlay-type":"","overlay-color":"","overlay-opacity":"","overlay-gradient":""},"tablet":{"background-color":"","background-image":"","background-repeat":"repeat","background-position":"center center","background-size":"auto","background-attachment":"scroll","background-type":"","background-media":"","overlay-type":"","overlay-color":"","overlay-opacity":"","overlay-gradient":""},"mobile":{"background-color":"","background-image":"","background-repeat":"repeat","background-position":"center center","background-size":"auto","background-attachment":"scroll","background-type":"","background-media":"","overlay-type":"","overlay-color":"","overlay-opacity":"","overlay-gradient":""}},"ast-content-background-meta":{"desktop":{"background-color":"var(--ast-global-color-5)","background-image":"","background-repeat":"repeat","background-position":"center center","background-size":"auto","background-attachment":"scroll","background-type":"","background-media":"","overlay-type":"","overlay-color":"","overlay-opacity":"","overlay-gradient":""},"tablet":{"background-color":"var(--ast-global-color-5)","background-image":"","background-repeat":"repeat","background-position":"center center","background-size":"auto","background-attachment":"scroll","background-type":"","background-media":"","overlay-type":"","overlay-color":"","overlay-opacity":"","overlay-gradient":""},"mobile":{"background-color":"var(--ast-global-color-5)","background-image":"","background-repeat":"repeat","background-position":"center center","background-size":"auto","background-attachment":"scroll","background-type":"","background-media":"","overlay-type":"","overlay-color":"","overlay-opacity":"","overlay-gradient":""}},"footnotes":""},"class_list":["post-4051","page","type-page","status-publish","hentry"],"acf":[],"meta_box":[],"_links":{"self":[{"href":"https:\/\/tricise.com\/es\/wp-json\/wp\/v2\/pages\/4051","targetHints":{"allow":["GET"]}}],"collection":[{"href":"https:\/\/tricise.com\/es\/wp-json\/wp\/v2\/pages"}],"about":[{"href":"https:\/\/tricise.com\/es\/wp-json\/wp\/v2\/types\/page"}],"author":[{"embeddable":true,"href":"https:\/\/tricise.com\/es\/wp-json\/wp\/v2\/users\/1"}],"replies":[{"embeddable":true,"href":"https:\/\/tricise.com\/es\/wp-json\/wp\/v2\/comments?post=4051"}],"version-history":[{"count":57,"href":"https:\/\/tricise.com\/es\/wp-json\/wp\/v2\/pages\/4051\/revisions"}],"predecessor-version":[{"id":11455,"href":"https:\/\/tricise.com\/es\/wp-json\/wp\/v2\/pages\/4051\/revisions\/11455"}],"up":[{"embeddable":true,"href":"https:\/\/tricise.com\/es\/wp-json\/wp\/v2\/pages\/194"}],"wp:attachment":[{"href":"https:\/\/tricise.com\/es\/wp-json\/wp\/v2\/media?parent=4051"}],"curies":[{"name":"wp","href":"https:\/\/api.w.org\/{rel}","templated":true}]}}